{"id":141,"date":"2026-02-22T23:45:41","date_gmt":"2026-02-22T23:45:41","guid":{"rendered":"https:\/\/nextgov-eu.unitbv.ro\/?page_id=141"},"modified":"2026-04-12T13:08:46","modified_gmt":"2026-04-12T13:08:46","slug":"structura-institutionala-a-uniunii-europene","status":"publish","type":"page","link":"https:\/\/nextgov-eu.unitbv.ro\/index.php\/structura-institutionala-a-uniunii-europene\/","title":{"rendered":"Structura institu\u021bional\u0103 a Uniunii Europene"},"content":{"rendered":"\n<div class=\"wp-block-group alignfull has-accent-background-color has-background has-global-padding is-layout-constrained wp-container-core-group-is-layout-669513ed wp-block-group-is-layout-constrained\" style=\"margin-top:0;margin-bottom:0;padding-top:var(--wp--preset--spacing--50);padding-right:var(--wp--preset--spacing--50);padding-bottom:var(--wp--preset--spacing--50);padding-left:var(--wp--preset--spacing--50)\">\n<div class=\"wp-block-columns alignwide is-layout-flex wp-container-core-columns-is-layout-1da03c2a wp-block-columns-is-layout-flex\">\n<div class=\"wp-block-column is-vertically-aligned-stretch is-layout-flow wp-block-column-is-layout-flow\" style=\"flex-basis:50%\">\n<div class=\"wp-block-group is-vertical is-content-justification-stretch is-layout-flex wp-container-core-group-is-layout-444d5ee8 wp-block-group-is-layout-flex\" style=\"min-height:100%\">\n<h3 class=\"wp-block-heading\"><strong>Uniunea European\u0103 func\u021bioneaz\u0103 printr-un sistem complex de institu\u021bii care colaboreaz\u0103 pentru a lua decizii, a elabora politici \u0219i a reprezenta interesele cet\u0103\u021benilor \u0219i ale statelor membre. Fiecare institu\u021bie are un rol bine definit, contribuind la buna func\u021bionare a Uniunii \u0219i la dezvoltarea acesteia.<\/strong><\/h3>\n\n\n\n<h4 class=\"wp-block-heading\">\u00cen aceast\u0103 sec\u021biune vei descoperi principalele institu\u021bii ale Uniunii Europene, rolul lor \u0219i modul \u00een care acestea influen\u021beaz\u0103 deciziile care ne afecteaz\u0103 via\u021ba de zi cu zi.<\/h4>\n\n\n\n<p>\u00cen modelul 3D ata\u0219at este reprezentat\u0103 harta Uniunii Europene, pe care o pute\u021bi explora interactiv <a href=\"https:\/\/sketchfab.com\/3d-models\/european-union-map-7f90639827274ea3b162a199ab48be8b\" target=\"_blank\" rel=\"noopener noreferrer\">aici<\/a>.<\/p>\n<\/div>\n<\/div>\n\n\n\n<div class=\"wp-block-column is-vertically-aligned-center is-layout-flow wp-block-column-is-layout-flow\" style=\"flex-basis:50%\">\n<div\n    id=\"bp3d-viewer-1\"\n    data-attributes=\"{&quot;uniqueId&quot;:&quot;b3dviewer2659a4e6&quot;,&quot;model&quot;:{&quot;skyboxImage&quot;:null,&quot;environmentImage&quot;:null,&quot;arEnabled&quot;:false,&quot;arPlacement&quot;:&quot;floor&quot;,&quot;arMode&quot;:&quot;quick-look&quot;,&quot;arScale&quot;:&quot;fixed&quot;,&quot;modelUrl&quot;:&quot;http:\\\/\\\/nextgov-eu.unitbv.ro\\\/wp-content\\\/uploads\\\/2026\\\/02\\\/european_union_map.glb&quot;},&quot;multiple&quot;:false,&quot;models&quot;:[{&quot;modelUrl&quot;:&quot;&quot;,&quot;poster&quot;:&quot;&quot;,&quot;useDecoder&quot;:&quot;none&quot;}],&quot;currentViewer&quot;:&quot;modelViewer&quot;,&quot;attributes&quot;:{&quot;tonMapping&quot;:&quot;neutral&quot;},&quot;O3DVSettings&quot;:{&quot;isFullscreen&quot;:true,&quot;isPagination&quot;:false,&quot;isNavigation&quot;:false,&quot;camera&quot;:null,&quot;mouseControl&quot;:true,&quot;showEdge&quot;:false,&quot;zoom&quot;:true},&quot;lazyLoad&quot;:true,&quot;preload&quot;:&quot;auto&quot;,&quot;autoplay&quot;:true,&quot;shadow&quot;:true,&quot;rotate&quot;:false,&quot;autoRotate&quot;:false,&quot;zoom&quot;:true,&quot;zoomInOutBtn&quot;:false,&quot;isPagination&quot;:false,&quot;isNavigation&quot;:true,&quot;rotationPerSecond&quot;:20,&quot;mouseControl&quot;:true,&quot;fullscreen&quot;:true,&quot;cameraBtn&quot;:false,&quot;variant&quot;:false,&quot;loadingPercentage&quot;:false,&quot;progressBar&quot;:true,&quot;rotateAlongX&quot;:&quot;0&quot;,&quot;rotateAlongY&quot;:75,&quot;exposure&quot;:1,&quot;environmentImage&quot;:&quot;&quot;,&quot;useEnvironmentAsSkybox&quot;:false,&quot;zoomLevel&quot;:1,&quot;appliedTextures&quot;:{&quot;modelUrl&quot;:null},&quot;toneMapping&quot;:&quot;neutral&quot;,&quot;hotspots&quot;:[],&quot;styles&quot;:{&quot;width&quot;:{&quot;desktop&quot;:&quot;100%&quot;,&quot;tablet&quot;:&quot;100%&quot;,&quot;mobile&quot;:&quot;100%&quot;},&quot;height&quot;:{&quot;desktop&quot;:&quot;400px&quot;,&quot;tablet&quot;:&quot;300px&quot;,&quot;mobile&quot;:&quot;300px&quot;},&quot;bgColor&quot;:&quot;transparent&quot;,&quot;progressBarColor&quot;:&quot;#666&quot;,&quot;thumbSize&quot;:&quot;90px&quot;},&quot;additional&quot;:{&quot;ID&quot;:&quot;&quot;,&quot;Class&quot;:&quot;&quot;,&quot;CSS&quot;:&quot;&quot;},&quot;animation&quot;:false,&quot;woo&quot;:false,&quot;selectedAnimation&quot;:&quot;&quot;,&quot;hotspotStyle&quot;:&quot;style-1&quot;,&quot;placement&quot;:&quot;block&quot;,&quot;lockXAxisRotation&quot;:false,&quot;lockYAxisRotation&quot;:false}\"\n    class=\"wp-block-b3dviewer-modelviewer\">\n<\/div><\/div>\n<\/div>\n\n\n\n<p><br><\/p>\n<\/div>\n\n\n\n<div class=\"wp-block-group alignfull has-base-background-color has-background has-global-padding is-layout-constrained wp-container-core-group-is-layout-d89aad35 wp-block-group-is-layout-constrained\" style=\"margin-top:0;margin-bottom:0;padding-top:var(--wp--preset--spacing--50);padding-right:var(--wp--preset--spacing--50);padding-bottom:var(--wp--preset--spacing--50);padding-left:var(--wp--preset--spacing--50)\">\n<div class=\"wp-block-columns alignwide is-layout-flex wp-container-core-columns-is-layout-549b0c86 wp-block-columns-is-layout-flex\">\n<div class=\"wp-block-column has-global-padding is-content-justification-left is-layout-constrained wp-container-core-column-is-layout-4f15e8fe wp-block-column-is-layout-constrained\" style=\"flex-basis:40%\">\n<figure class=\"wp-block-image alignfull size-large\"><img loading=\"lazy\" decoding=\"async\" width=\"1024\" height=\"683\" src=\"https:\/\/nextgov-eu.unitbv.ro\/wp-content\/uploads\/2026\/02\/poza_comisia_europeana-1024x683.jpeg\" alt=\"\" class=\"wp-image-145\" srcset=\"https:\/\/nextgov-eu.unitbv.ro\/wp-content\/uploads\/2026\/02\/poza_comisia_europeana-1024x683.jpeg 1024w, https:\/\/nextgov-eu.unitbv.ro\/wp-content\/uploads\/2026\/02\/poza_comisia_europeana-300x200.jpeg 300w, https:\/\/nextgov-eu.unitbv.ro\/wp-content\/uploads\/2026\/02\/poza_comisia_europeana-768x512.jpeg 768w, https:\/\/nextgov-eu.unitbv.ro\/wp-content\/uploads\/2026\/02\/poza_comisia_europeana.jpeg 1200w\" sizes=\"auto, (max-width: 1024px) 100vw, 1024px\" \/><\/figure>\n<\/div>\n\n\n\n<div class=\"wp-block-column is-layout-flow wp-container-core-column-is-layout-119bc444 wp-block-column-is-layout-flow\" style=\"flex-basis:60%\">\n<p class=\"has-heading-font-family has-x-large-font-size\" style=\"line-height:1.2\">\ud83c\uddea\ud83c\uddfa COMISIA EUROPEAN\u0102<\/p>\n\n\n\n<div class=\"wp-block-columns is-layout-flex wp-container-core-columns-is-layout-87beb0d0 wp-block-columns-is-layout-flex\">\n<div class=\"wp-block-column is-layout-flow wp-block-column-is-layout-flow\">\n<h4 class=\"wp-block-heading\">Comisia European\u0103 este institu\u021bia executiv\u0103 a Uniunii Europene, responsabil\u0103 pentru propunerea legisla\u021biei \u0219i implementarea politicilor europene. Aceasta asigur\u0103 respectarea tratatelor \u0219i gestioneaz\u0103 bugetul UE. Comisia reprezint\u0103 interesele Uniunii \u00een ansamblu, nu ale statelor membre, \u0219i are un rol central \u00een func\u021bionarea UE. Este motorul care ini\u021biaz\u0103 \u0219i coordoneaz\u0103 ac\u021biunile europene.<\/h4>\n<\/div>\n<\/div>\n<\/div>\n<\/div>\n<\/div>\n\n\n\n<div class=\"wp-block-group alignfull has-accent-5-background-color has-background has-global-padding is-layout-constrained wp-container-core-group-is-layout-d89aad35 wp-block-group-is-layout-constrained\" style=\"margin-top:0;margin-bottom:0;padding-top:var(--wp--preset--spacing--50);padding-right:var(--wp--preset--spacing--50);padding-bottom:var(--wp--preset--spacing--50);padding-left:var(--wp--preset--spacing--50)\">\n<div class=\"wp-block-columns alignwide is-layout-flex wp-container-core-columns-is-layout-1da03c2a wp-block-columns-is-layout-flex\">\n<div class=\"wp-block-column is-vertically-aligned-center is-layout-flow wp-block-column-is-layout-flow\" style=\"flex-basis:60%\">\n<figure class=\"wp-block-image size-full is-style-rounded wp-duotone-unset-3 is-style-rounded--2\"><img loading=\"lazy\" decoding=\"async\" width=\"1024\" height=\"683\" src=\"https:\/\/nextgov-eu.unitbv.ro\/wp-content\/uploads\/2026\/02\/J5Ef3VwbhbathtQcvbo0BpbrRo2yZebs_q1OBw2uAleAY-lpfmNlQQ-TBn-zD30e0hZRyFnDLs8AWQ79GEPgOlicuif-U3oLsW-bNlG64DM.jpg\" alt=\"\" class=\"wp-image-143\" style=\"aspect-ratio:4\/3;object-fit:cover\" srcset=\"https:\/\/nextgov-eu.unitbv.ro\/wp-content\/uploads\/2026\/02\/J5Ef3VwbhbathtQcvbo0BpbrRo2yZebs_q1OBw2uAleAY-lpfmNlQQ-TBn-zD30e0hZRyFnDLs8AWQ79GEPgOlicuif-U3oLsW-bNlG64DM.jpg 1024w, https:\/\/nextgov-eu.unitbv.ro\/wp-content\/uploads\/2026\/02\/J5Ef3VwbhbathtQcvbo0BpbrRo2yZebs_q1OBw2uAleAY-lpfmNlQQ-TBn-zD30e0hZRyFnDLs8AWQ79GEPgOlicuif-U3oLsW-bNlG64DM-300x200.jpg 300w, https:\/\/nextgov-eu.unitbv.ro\/wp-content\/uploads\/2026\/02\/J5Ef3VwbhbathtQcvbo0BpbrRo2yZebs_q1OBw2uAleAY-lpfmNlQQ-TBn-zD30e0hZRyFnDLs8AWQ79GEPgOlicuif-U3oLsW-bNlG64DM-768x512.jpg 768w\" sizes=\"auto, (max-width: 1024px) 100vw, 1024px\" \/><\/figure>\n<\/div>\n\n\n\n<div class=\"wp-block-column is-layout-flow wp-block-column-is-layout-flow\" style=\"flex-basis:40%\">\n<h2 class=\"wp-block-heading\">\ud83c\uddea\ud83c\uddfa PARLAMENTUL EUROPEAN<\/h2>\n\n\n\n<h4 class=\"wp-block-heading\"><strong>Parlamentul European<\/strong> reprezint\u0103 cet\u0103\u021benii Uniunii Europene \u0219i este ales direct de ace\u0219tia prin vot. Are un rol esen\u021bial \u00een adoptarea legisla\u021biei europene, \u00eempreun\u0103 cu Consiliul Uniunii Europene, \u0219i \u00een aprobarea bugetului UE. De asemenea, Parlamentul controleaz\u0103 activitatea altor institu\u021bii, \u00een special a Comisiei Europene. Este vocea cet\u0103\u021benilor \u00een procesul decizional european \u0219i contribuie la definirea politicilor Uniunii.<\/h4>\n<\/div>\n<\/div>\n<\/div>\n\n\n\n<div class=\"wp-block-group alignfull has-global-padding is-layout-constrained wp-container-core-group-is-layout-d89aad35 wp-block-group-is-layout-constrained\" style=\"margin-top:0;margin-bottom:0;padding-top:var(--wp--preset--spacing--50);padding-right:var(--wp--preset--spacing--50);padding-bottom:var(--wp--preset--spacing--50);padding-left:var(--wp--preset--spacing--50)\">\n<div class=\"wp-block-columns alignwide are-vertically-aligned-center is-layout-flex wp-container-core-columns-is-layout-47c06fe3 wp-block-columns-is-layout-flex\">\n<div class=\"wp-block-column is-vertically-aligned-center is-layout-flow wp-block-column-is-layout-flow\" style=\"flex-basis:50%\">\n<h2 class=\"wp-block-heading\">\ud83c\uddea\ud83c\uddfa CONSILIUL UNIUNII EUROPENE<\/h2>\n\n\n\n<h4 class=\"wp-block-heading\"><strong>Consiliul Uniunii Europene<\/strong> reprezint\u0103 guvernele statelor membre \u0219i particip\u0103 la adoptarea legisla\u021biei europene \u00eempreun\u0103 cu Parlamentul. \u00cen cadrul Consiliului, mini\u0219trii din fiecare stat membru se reunesc pentru a discuta \u0219i decide asupra politicilor UE. Institu\u021bia coordoneaz\u0103 politicile economice \u0219i sociale ale statelor membre \u0219i contribuie la definirea direc\u021biei generale a Uniunii<\/h4>\n<\/div>\n\n\n\n<div class=\"wp-block-column is-vertically-aligned-center is-layout-flow wp-block-column-is-layout-flow\" style=\"flex-basis:50%\">\n<figure class=\"wp-block-image aligncenter size-full is-style-rounded is-style-rounded--4\"><img loading=\"lazy\" decoding=\"async\" width=\"1024\" height=\"682\" src=\"https:\/\/nextgov-eu.unitbv.ro\/wp-content\/uploads\/2026\/02\/qrT9DdjWTvjlVKNgoAtAUA_8rTVLVkHAzhW6TpiU8Man5Jl1yxh-xJTK6jnLjXhUW1sxxoQfMy9YdJBxjKYydb-EHSJb3WLcn5Ds1-hb1Ss.jpg\" alt=\"\" class=\"wp-image-146\" style=\"aspect-ratio:4\/3;object-fit:cover\" srcset=\"https:\/\/nextgov-eu.unitbv.ro\/wp-content\/uploads\/2026\/02\/qrT9DdjWTvjlVKNgoAtAUA_8rTVLVkHAzhW6TpiU8Man5Jl1yxh-xJTK6jnLjXhUW1sxxoQfMy9YdJBxjKYydb-EHSJb3WLcn5Ds1-hb1Ss.jpg 1024w, https:\/\/nextgov-eu.unitbv.ro\/wp-content\/uploads\/2026\/02\/qrT9DdjWTvjlVKNgoAtAUA_8rTVLVkHAzhW6TpiU8Man5Jl1yxh-xJTK6jnLjXhUW1sxxoQfMy9YdJBxjKYydb-EHSJb3WLcn5Ds1-hb1Ss-300x200.jpg 300w, https:\/\/nextgov-eu.unitbv.ro\/wp-content\/uploads\/2026\/02\/qrT9DdjWTvjlVKNgoAtAUA_8rTVLVkHAzhW6TpiU8Man5Jl1yxh-xJTK6jnLjXhUW1sxxoQfMy9YdJBxjKYydb-EHSJb3WLcn5Ds1-hb1Ss-768x512.jpg 768w\" sizes=\"auto, (max-width: 1024px) 100vw, 1024px\" \/><\/figure>\n<\/div>\n<\/div>\n<\/div>\n\n\n\n<div class=\"wp-block-group alignfull has-accent-5-background-color has-background has-global-padding is-layout-constrained wp-container-core-group-is-layout-d89aad35 wp-block-group-is-layout-constrained\" style=\"margin-top:0;margin-bottom:0;padding-top:var(--wp--preset--spacing--50);padding-right:var(--wp--preset--spacing--50);padding-bottom:var(--wp--preset--spacing--50);padding-left:var(--wp--preset--spacing--50)\">\n<div class=\"wp-block-columns alignwide is-layout-flex wp-container-core-columns-is-layout-1da03c2a wp-block-columns-is-layout-flex\">\n<div class=\"wp-block-column is-vertically-aligned-center is-layout-flow wp-block-column-is-layout-flow\" style=\"flex-basis:60%\">\n<figure class=\"wp-block-image size-full is-style-rounded wp-duotone-unset-6 is-style-rounded--5\"><img loading=\"lazy\" decoding=\"async\" width=\"991\" height=\"557\" src=\"http:\/\/nextgov-eu.unitbv.ro\/wp-content\/uploads\/2026\/02\/Curia-2023-12-20-Luxembourg-CURIA-PIC.jpg\" alt=\"\" class=\"wp-image-147\" style=\"aspect-ratio:4\/3;object-fit:cover\" srcset=\"https:\/\/nextgov-eu.unitbv.ro\/wp-content\/uploads\/2026\/02\/Curia-2023-12-20-Luxembourg-CURIA-PIC.jpg 991w, https:\/\/nextgov-eu.unitbv.ro\/wp-content\/uploads\/2026\/02\/Curia-2023-12-20-Luxembourg-CURIA-PIC-300x169.jpg 300w, https:\/\/nextgov-eu.unitbv.ro\/wp-content\/uploads\/2026\/02\/Curia-2023-12-20-Luxembourg-CURIA-PIC-768x432.jpg 768w\" sizes=\"auto, (max-width: 991px) 100vw, 991px\" \/><\/figure>\n<\/div>\n\n\n\n<div class=\"wp-block-column is-layout-flow wp-block-column-is-layout-flow\" style=\"flex-basis:40%\">\n<h2 class=\"wp-block-heading\">\ud83c\uddea\ud83c\uddfa CURTEA DE JUSTI\u021aIE A UNIUNII EUROPENE<\/h2>\n\n\n\n<h4 class=\"wp-block-heading\"><strong>Curtea de Justi\u021bie a Uniunii Europene<\/strong> asigur\u0103 respectarea legisla\u021biei europene \u0219i interpretarea corect\u0103 a tratatelor. Aceasta solu\u021bioneaz\u0103 litigiile dintre statele membre, institu\u021biile UE \u0219i cet\u0103\u021beni. Deciziile sale sunt obligatorii pentru toate statele membre. Curtea garanteaz\u0103 aplicarea uniform\u0103 a dreptului european \u0219i protejeaz\u0103 drepturile cet\u0103\u021benilor.<\/h4>\n<\/div>\n<\/div>\n<\/div>\n\n\n\n<div class=\"wp-block-group alignfull has-global-padding is-layout-constrained wp-container-core-group-is-layout-d89aad35 wp-block-group-is-layout-constrained\" style=\"margin-top:0;margin-bottom:0;padding-top:var(--wp--preset--spacing--50);padding-right:var(--wp--preset--spacing--50);padding-bottom:var(--wp--preset--spacing--50);padding-left:var(--wp--preset--spacing--50)\">\n<div class=\"wp-block-columns alignwide are-vertically-aligned-center is-layout-flex wp-container-core-columns-is-layout-47c06fe3 wp-block-columns-is-layout-flex\">\n<div class=\"wp-block-column is-vertically-aligned-center is-layout-flow wp-block-column-is-layout-flow\" style=\"flex-basis:50%\">\n<h2 class=\"wp-block-heading\">\ud83c\uddea\ud83c\uddfa CURTEA DE CONTURI EUROPEAN\u0102<\/h2>\n\n\n\n<h4 class=\"wp-block-heading\"><strong>Curtea de Conturi European\u0103<\/strong> verific\u0103 modul \u00een care sunt utilizate fondurile Uniunii Europene. Aceasta controleaz\u0103 veniturile \u0219i cheltuielile UE pentru a asigura transparen\u021ba \u0219i utilizarea corect\u0103 a banilor publici. Institu\u021bia contribuie la \u00eembun\u0103t\u0103\u021birea gestion\u0103rii financiare \u0219i la protejarea intereselor cet\u0103\u021benilor europeni<\/h4>\n<\/div>\n\n\n\n<div class=\"wp-block-column is-vertically-aligned-center is-layout-flow wp-block-column-is-layout-flow\" style=\"flex-basis:50%\">\n<figure class=\"wp-block-image aligncenter size-full is-style-rounded is-style-rounded--7\"><img loading=\"lazy\" decoding=\"async\" width=\"1400\" height=\"900\" src=\"http:\/\/nextgov-eu.unitbv.ro\/wp-content\/uploads\/2026\/02\/event-conference.jpg\" alt=\"\" class=\"wp-image-148\" style=\"aspect-ratio:4\/3;object-fit:cover\" srcset=\"https:\/\/nextgov-eu.unitbv.ro\/wp-content\/uploads\/2026\/02\/event-conference.jpg 1400w, https:\/\/nextgov-eu.unitbv.ro\/wp-content\/uploads\/2026\/02\/event-conference-300x193.jpg 300w, https:\/\/nextgov-eu.unitbv.ro\/wp-content\/uploads\/2026\/02\/event-conference-1024x658.jpg 1024w, https:\/\/nextgov-eu.unitbv.ro\/wp-content\/uploads\/2026\/02\/event-conference-768x494.jpg 768w\" sizes=\"auto, (max-width: 1400px) 100vw, 1400px\" \/><\/figure>\n<\/div>\n<\/div>\n<\/div>\n\n\n\n<div class=\"wp-block-group alignfull has-accent-5-background-color has-background has-global-padding is-layout-constrained wp-container-core-group-is-layout-d89aad35 wp-block-group-is-layout-constrained\" style=\"margin-top:0;margin-bottom:0;padding-top:var(--wp--preset--spacing--50);padding-right:var(--wp--preset--spacing--50);padding-bottom:var(--wp--preset--spacing--50);padding-left:var(--wp--preset--spacing--50)\">\n<div class=\"wp-block-columns alignwide is-layout-flex wp-container-core-columns-is-layout-1da03c2a wp-block-columns-is-layout-flex\">\n<div class=\"wp-block-column is-vertically-aligned-center is-layout-flow wp-block-column-is-layout-flow\" style=\"flex-basis:60%\">\n<figure class=\"wp-block-image size-full is-style-rounded wp-duotone-unset-9 is-style-rounded--8\"><img loading=\"lazy\" decoding=\"async\" width=\"1024\" height=\"576\" src=\"http:\/\/nextgov-eu.unitbv.ro\/wp-content\/uploads\/2026\/02\/62357549.jpg\" alt=\"\" class=\"wp-image-149\" style=\"aspect-ratio:4\/3;object-fit:cover\" srcset=\"https:\/\/nextgov-eu.unitbv.ro\/wp-content\/uploads\/2026\/02\/62357549.jpg 1024w, https:\/\/nextgov-eu.unitbv.ro\/wp-content\/uploads\/2026\/02\/62357549-300x169.jpg 300w, https:\/\/nextgov-eu.unitbv.ro\/wp-content\/uploads\/2026\/02\/62357549-768x432.jpg 768w\" sizes=\"auto, (max-width: 1024px) 100vw, 1024px\" \/><\/figure>\n<\/div>\n\n\n\n<div class=\"wp-block-column is-layout-flow wp-block-column-is-layout-flow\" style=\"flex-basis:40%\">\n<h2 class=\"wp-block-heading\">\ud83c\uddea\ud83c\uddfa BANCA CENTRAL\u0102 EUROPEAN\u0102<\/h2>\n\n\n\n<h4 class=\"wp-block-heading\"><strong>Banca Central\u0103 European\u0103<\/strong> gestioneaz\u0103 politica monetar\u0103 a zonei euro \u0219i are ca obiectiv principal men\u021binerea stabilit\u0103\u021bii pre\u021burilor. Aceasta reglementeaz\u0103 sistemul bancar \u0219i contribuie la stabilitatea economic\u0103 a Uniunii. BCE este responsabil\u0103 pentru emiterea monedei euro \u0219i pentru controlul infla\u021biei.<\/h4>\n<\/div>\n<\/div>\n<\/div>\n\n\n\n<div style=\"max-width:800px; margin:0 auto; text-align:center;\">\n  <h2 style=\"color:#003399; margin-bottom:12px;\">\ud83e\udde0 Ce trebuie s\u0103 re\u021binem<\/h2>\n  <p style=\"line-height:1.7; color:#333;\">\n    Uniunea European\u0103 func\u021bioneaz\u0103 printr-un sistem de institu\u021bii care colaboreaz\u0103 pentru a lua decizii,\n    a elabora politici \u0219i a reprezenta interesele cet\u0103\u021benilor. Printre cele mai importante institu\u021bii se num\u0103r\u0103\n    Comisia European\u0103, Parlamentul European, Consiliul Uniunii Europene, Curtea de Justi\u021bie a Uniunii Europene,\n    Curtea de Conturi European\u0103 \u0219i Banca Central\u0103 European\u0103. Fiecare are un rol bine definit \u0219i contribuie la\n    buna func\u021bionare \u0219i dezvoltare a Uniunii Europene.\n  <\/p>\n<\/div>\n","protected":false},"excerpt":{"rendered":"<p>Uniunea European\u0103 func\u021bioneaz\u0103 printr-un sistem complex de institu\u021bii care colaboreaz\u0103 pentru a lua decizii, a elabora politici \u0219i a reprezenta interesele cet\u0103\u021benilor \u0219i ale statelor membre. Fiecare institu\u021bie are un rol bine definit, contribuind la buna func\u021bionare a Uniunii \u0219i la dezvoltarea acesteia. \u00cen aceast\u0103 sec\u021biune vei descoperi principalele institu\u021bii ale Uniunii Europene, rolul lor [&hellip;]<\/p>\n","protected":false},"author":1,"featured_media":0,"parent":0,"menu_order":0,"comment_status":"closed","ping_status":"closed","template":"","meta":{"footnotes":""},"class_list":["post-141","page","type-page","status-publish","hentry"],"jetpack_sharing_enabled":true,"_links":{"self":[{"href":"https:\/\/nextgov-eu.unitbv.ro\/index.php\/wp-json\/wp\/v2\/pages\/141","targetHints":{"allow":["GET"]}}],"collection":[{"href":"https:\/\/nextgov-eu.unitbv.ro\/index.php\/wp-json\/wp\/v2\/pages"}],"about":[{"href":"https:\/\/nextgov-eu.unitbv.ro\/index.php\/wp-json\/wp\/v2\/types\/page"}],"author":[{"embeddable":true,"href":"https:\/\/nextgov-eu.unitbv.ro\/index.php\/wp-json\/wp\/v2\/users\/1"}],"replies":[{"embeddable":true,"href":"https:\/\/nextgov-eu.unitbv.ro\/index.php\/wp-json\/wp\/v2\/comments?post=141"}],"version-history":[{"count":7,"href":"https:\/\/nextgov-eu.unitbv.ro\/index.php\/wp-json\/wp\/v2\/pages\/141\/revisions"}],"predecessor-version":[{"id":277,"href":"https:\/\/nextgov-eu.unitbv.ro\/index.php\/wp-json\/wp\/v2\/pages\/141\/revisions\/277"}],"wp:attachment":[{"href":"https:\/\/nextgov-eu.unitbv.ro\/index.php\/wp-json\/wp\/v2\/media?parent=141"}],"curies":[{"name":"wp","href":"https:\/\/api.w.org\/{rel}","templated":true}]}}