{"id":16,"date":"2024-04-03T17:42:08","date_gmt":"2024-04-03T17:42:08","guid":{"rendered":"https:\/\/nextgov-eu.unitbv.ro\/?page_id=16"},"modified":"2026-04-12T13:02:56","modified_gmt":"2026-04-12T13:02:56","slug":"home","status":"publish","type":"page","link":"https:\/\/nextgov-eu.unitbv.ro\/","title":{"rendered":"Home"},"content":{"rendered":"\n<div class=\"wp-block-group alignfull has-global-padding is-layout-constrained wp-container-core-group-is-layout-83a864ce wp-block-group-is-layout-constrained\" style=\"padding-top:var(--wp--preset--spacing--0);padding-right:var(--wp--preset--spacing--50);padding-bottom:var(--wp--preset--spacing--0);padding-left:var(--wp--preset--spacing--50)\">\n<div class=\"wp-block-group has-global-padding is-layout-constrained wp-container-core-group-is-layout-650790e1 wp-block-group-is-layout-constrained\">\n<h1 class=\"wp-block-heading has-text-align-center has-x-large-font-size\"><a href=\"https:\/\/nextgov-eu.unitbv.ro\/\">Institu\u021biile Uniunii Europene \u0219i guvernan\u021ba european\u0103<\/a><\/h1>\n\n\n\n<div style=\"height:1.25rem\" aria-hidden=\"true\" class=\"wp-block-spacer\"><\/div>\n\n\n\n<p class=\"has-text-align-center\"><em>Proiect educa\u021bional dedicat \u00een\u021belegerii institu\u021biilor Uniunii Europene \u0219i promov\u0103rii implic\u0103rii active \u00een via\u021ba european\u0103.<\/em><\/p>\n\n\n\n<div style=\"height:1.25rem\" aria-hidden=\"true\" class=\"wp-block-spacer\"><\/div>\n<\/div>\n\n\n\n<figure class=\"wp-block-image alignwide size-full is-style-rounded is-style-rounded--1\"><img loading=\"lazy\" decoding=\"async\" width=\"1536\" height=\"1024\" src=\"https:\/\/nextgov-eu.unitbv.ro\/wp-content\/uploads\/2026\/02\/ChatGPT-Image-Feb-23-2026-01_08_29-AM.png\" alt=\"\" class=\"wp-image-139\" srcset=\"https:\/\/nextgov-eu.unitbv.ro\/wp-content\/uploads\/2026\/02\/ChatGPT-Image-Feb-23-2026-01_08_29-AM.png 1536w, https:\/\/nextgov-eu.unitbv.ro\/wp-content\/uploads\/2026\/02\/ChatGPT-Image-Feb-23-2026-01_08_29-AM-300x200.png 300w, https:\/\/nextgov-eu.unitbv.ro\/wp-content\/uploads\/2026\/02\/ChatGPT-Image-Feb-23-2026-01_08_29-AM-1024x683.png 1024w, https:\/\/nextgov-eu.unitbv.ro\/wp-content\/uploads\/2026\/02\/ChatGPT-Image-Feb-23-2026-01_08_29-AM-768x512.png 768w\" sizes=\"auto, (max-width: 1536px) 100vw, 1536px\" \/><\/figure>\n<\/div>\n\n\n\n<main class=\"wp-block-group alignwide is-layout-flow wp-container-core-group-is-layout-bb62f62d wp-block-group-is-layout-flow\" style=\"margin-top:0\">\n<div class=\"wp-block-group alignfull has-base-2-background-color has-background has-global-padding is-layout-constrained wp-container-core-group-is-layout-669513ed wp-block-group-is-layout-constrained\" style=\"margin-top:0;margin-bottom:0;padding-top:var(--wp--preset--spacing--50);padding-right:var(--wp--preset--spacing--50);padding-bottom:var(--wp--preset--spacing--50);padding-left:var(--wp--preset--spacing--50)\">\n<div class=\"wp-block-group is-vertical is-content-justification-center is-layout-flex wp-container-core-group-is-layout-52b864f0 wp-block-group-is-layout-flex\">\n<h2 class=\"wp-block-heading has-text-align-center is-style-asterisk\">Ce ofer\u0103 proiectul NextGOV-EU<\/h2>\n\n\n\n<div style=\"height:0px\" aria-hidden=\"true\" class=\"wp-block-spacer wp-container-content-4f2ccadb\"><\/div>\n\n\n\n<p class=\"has-text-align-center\">Proiectul NextGOV-EU include activit\u0103\u021bi educa\u021bionale \u0219i de diseminare menite s\u0103 faciliteze \u00een\u021belegerea guvernan\u021bei Uniunii Europene \u0219i implicarea activ\u0103 a cet\u0103\u021benilor.<\/p>\n<\/div>\n\n\n\n<div style=\"margin-top:0;margin-bottom:0;height:var(--wp--preset--spacing--40)\" aria-hidden=\"true\" class=\"wp-block-spacer\"><\/div>\n\n\n\n<div class=\"wp-block-columns alignwide is-layout-flex wp-container-core-columns-is-layout-d0bbbce0 wp-block-columns-is-layout-flex\">\n<div class=\"wp-block-column is-layout-flow wp-container-core-column-is-layout-e3d1c41b wp-block-column-is-layout-flow\">\n<h3 class=\"wp-block-heading has-text-align-left is-style-asterisk has-body-font-family has-medium-font-size\" style=\"font-style:normal;font-weight:600\">\ud83c\udf93 Cursuri pentru studen\u021bi<\/h3>\n\n\n\n<p class=\"has-text-align-left\">Cursuri dedicate institu\u021biilor Uniunii Europene \u0219i guvernan\u021bei europene, utiliz\u00e2nd metode moderne de predare.<\/p>\n<\/div>\n\n\n\n<div class=\"wp-block-column is-layout-flow wp-container-core-column-is-layout-e3d1c41b wp-block-column-is-layout-flow\">\n<h3 class=\"wp-block-heading has-text-align-left is-style-asterisk has-body-font-family has-medium-font-size\" style=\"font-style:normal;font-weight:600\">\ud83c\udfeb Seminare pentru elevi<\/h3>\n\n\n\n<p class=\"has-text-align-left\">Activit\u0103\u021bi educa\u021bionale desf\u0103\u0219urate \u00een licee pentru a cre\u0219te nivelul de informare despre Uniunea European\u0103.<\/p>\n<\/div>\n\n\n\n<div class=\"wp-block-column is-layout-flow wp-container-core-column-is-layout-e3d1c41b wp-block-column-is-layout-flow\">\n<h3 class=\"wp-block-heading has-text-align-left is-style-asterisk has-body-font-family has-medium-font-size\" style=\"font-style:normal;font-weight:600\">\ud83e\udd1d Evenimente \u0219i conferin\u021be<\/h3>\n\n\n\n<p class=\"has-text-align-left\">Organizarea de conferin\u021be \u0219i mese rotunde pentru a facilita dialogul \u00eentre mediul academic \u0219i societate.<\/p>\n<\/div>\n<\/div>\n\n\n\n<div style=\"height:var(--wp--preset--spacing--20)\" aria-hidden=\"true\" class=\"wp-block-spacer\"><\/div>\n\n\n\n<div class=\"wp-block-columns alignwide is-layout-flex wp-container-core-columns-is-layout-d0bbbce0 wp-block-columns-is-layout-flex\">\n<div class=\"wp-block-column is-layout-flow wp-container-core-column-is-layout-e3d1c41b wp-block-column-is-layout-flow\">\n<h3 class=\"wp-block-heading has-text-align-left is-style-asterisk has-body-font-family has-medium-font-size\" style=\"font-style:normal;font-weight:600\">\ud83e\udde0 Workshop-uri<\/h3>\n\n\n\n<p class=\"has-text-align-left\">Sesiuni interactive pentru dezbaterea temelor actuale privind Uniunea European\u0103.<\/p>\n<\/div>\n\n\n\n<div class=\"wp-block-column is-layout-flow wp-container-core-column-is-layout-e3d1c41b wp-block-column-is-layout-flow\">\n<h3 class=\"wp-block-heading has-text-align-left is-style-asterisk has-body-font-family has-medium-font-size\" style=\"font-style:normal;font-weight:600\">\ud83d\udcda Publica\u021bii \u0219i resurse<\/h3>\n\n\n\n<p class=\"has-text-align-left\">Elaborarea de materiale educa\u021bionale, articole \u0219i suporturi de curs.<\/p>\n<\/div>\n\n\n\n<div class=\"wp-block-column is-layout-flow wp-container-core-column-is-layout-e3d1c41b wp-block-column-is-layout-flow\">\n<h3 class=\"wp-block-heading has-text-align-left is-style-asterisk has-body-font-family has-medium-font-size\" style=\"font-style:normal;font-weight:600\">\ud83c\udf0d Implicare civic\u0103<\/h3>\n\n\n\n<p class=\"has-text-align-left\">Promovarea particip\u0103rii active a cet\u0103\u021benilor \u00een procesele decizionale europene.<\/p>\n<\/div>\n<\/div>\n<\/div>\n\n\n\n<div class=\"wp-block-group alignfull has-global-padding is-layout-constrained wp-container-core-group-is-layout-d89aad35 wp-block-group-is-layout-constrained\" style=\"margin-top:0;margin-bottom:0;padding-top:var(--wp--preset--spacing--50);padding-right:var(--wp--preset--spacing--50);padding-bottom:var(--wp--preset--spacing--50);padding-left:var(--wp--preset--spacing--50)\">\n<div class=\"wp-block-group alignwide has-global-padding is-layout-constrained wp-container-core-group-is-layout-19e250f3 wp-block-group-is-layout-constrained\">\n<div class=\"wp-block-group is-vertical is-content-justification-center is-layout-flex wp-container-core-group-is-layout-6329a8f3 wp-block-group-is-layout-flex\">\n<h2 class=\"wp-block-heading has-text-align-center is-style-asterisk\">Institu\u021biile Uniunii Europene<\/h2>\n\n\n\n<p class=\"has-text-align-center\">Uniunea European\u0103 func\u021bioneaz\u0103 printr-un sistem complex de institu\u021bii care contribuie la procesul decizional \u0219i la implementarea politicilor europene.<\/p>\n<\/div>\n\n\n\n<div style=\"height:var(--wp--preset--spacing--40)\" aria-hidden=\"true\" class=\"wp-block-spacer\"><\/div>\n\n\n\n<div class=\"wp-block-columns alignwide is-layout-flex wp-container-core-columns-is-layout-d1c656ed wp-block-columns-is-layout-flex\">\n<div class=\"wp-block-column is-vertically-aligned-center is-layout-flow wp-block-column-is-layout-flow\" style=\"flex-basis:40%\">\n<h3 class=\"wp-block-heading is-style-asterisk\">Comisia European\u0103<\/h3>\n\n\n\n<ul style=\"line-height:1.75\" class=\"wp-block-list is-style-checkmark-list\">\n<li>Institu\u021bia executiv\u0103 a Uniunii Europene, responsabil\u0103 pentru ini\u021bierea legisla\u021biei \u0219i implementarea politicilor UE.<\/li>\n<\/ul>\n<\/div>\n\n\n\n<div class=\"wp-block-column is-layout-flow wp-block-column-is-layout-flow\" style=\"flex-basis:50%\">\n<figure class=\"wp-block-image size-large is-style-rounded is-style-rounded--2\"><img loading=\"lazy\" decoding=\"async\" width=\"1024\" height=\"683\" src=\"https:\/\/nextgov-eu.unitbv.ro\/wp-content\/uploads\/2026\/02\/b568aef1-87ee-4b55-b863-d835fa59591a-1024x683.png\" alt=\"\" class=\"wp-image-93\" srcset=\"https:\/\/nextgov-eu.unitbv.ro\/wp-content\/uploads\/2026\/02\/b568aef1-87ee-4b55-b863-d835fa59591a-1024x683.png 1024w, https:\/\/nextgov-eu.unitbv.ro\/wp-content\/uploads\/2026\/02\/b568aef1-87ee-4b55-b863-d835fa59591a-300x200.png 300w, https:\/\/nextgov-eu.unitbv.ro\/wp-content\/uploads\/2026\/02\/b568aef1-87ee-4b55-b863-d835fa59591a-768x512.png 768w, https:\/\/nextgov-eu.unitbv.ro\/wp-content\/uploads\/2026\/02\/b568aef1-87ee-4b55-b863-d835fa59591a.png 1536w\" sizes=\"auto, (max-width: 1024px) 100vw, 1024px\" \/><\/figure>\n<\/div>\n<\/div>\n\n\n\n<div style=\"height:var(--wp--preset--spacing--40)\" aria-hidden=\"true\" class=\"wp-block-spacer\"><\/div>\n\n\n\n<div class=\"wp-block-columns alignwide is-layout-flex wp-container-core-columns-is-layout-d1c656ed wp-block-columns-is-layout-flex\">\n<div class=\"wp-block-column is-layout-flow wp-block-column-is-layout-flow\" style=\"flex-basis:50%\">\n<figure class=\"wp-block-image size-large is-style-rounded is-style-rounded--3\"><img loading=\"lazy\" decoding=\"async\" width=\"1024\" height=\"683\" src=\"https:\/\/nextgov-eu.unitbv.ro\/wp-content\/uploads\/2026\/02\/b0426f06-6b04-4712-8bee-c4b7a132707f-1024x683.png\" alt=\"\" class=\"wp-image-94\" srcset=\"https:\/\/nextgov-eu.unitbv.ro\/wp-content\/uploads\/2026\/02\/b0426f06-6b04-4712-8bee-c4b7a132707f-1024x683.png 1024w, https:\/\/nextgov-eu.unitbv.ro\/wp-content\/uploads\/2026\/02\/b0426f06-6b04-4712-8bee-c4b7a132707f-300x200.png 300w, https:\/\/nextgov-eu.unitbv.ro\/wp-content\/uploads\/2026\/02\/b0426f06-6b04-4712-8bee-c4b7a132707f-768x512.png 768w, https:\/\/nextgov-eu.unitbv.ro\/wp-content\/uploads\/2026\/02\/b0426f06-6b04-4712-8bee-c4b7a132707f.png 1536w\" sizes=\"auto, (max-width: 1024px) 100vw, 1024px\" \/><\/figure>\n<\/div>\n\n\n\n<div class=\"wp-block-column is-vertically-aligned-center is-layout-flow wp-block-column-is-layout-flow\" style=\"flex-basis:40%\">\n<h3 class=\"wp-block-heading is-style-asterisk\">Parlamentul European<\/h3>\n\n\n\n<ul style=\"line-height:1.75\" class=\"wp-block-list is-style-checkmark-list\">\n<li>Institu\u021bia care reprezint\u0103 cet\u0103\u021benii Uniunii Europene \u0219i particip\u0103 la procesul legislativ \u0219i bugetar.<\/li>\n<\/ul>\n<\/div>\n<\/div>\n<\/div>\n<\/div>\n\n\n\n<h3 class=\"wp-block-heading has-text-align-center\">Vezi mai multe institu\u021bii <a href=\"https:\/\/nextgov-eu.unitbv.ro\/index.php\/structura-institutionala-a-uniunii-europene\/\" target=\"_blank\" rel=\"noreferrer noopener\">aici<\/a>.<\/h3>\n<\/main>\n\n\n\n<div class=\"wp-block-group alignfull has-global-padding is-layout-constrained wp-container-core-group-is-layout-d89aad35 wp-block-group-is-layout-constrained\" style=\"margin-top:0;margin-bottom:0;padding-top:var(--wp--preset--spacing--50);padding-right:var(--wp--preset--spacing--50);padding-bottom:var(--wp--preset--spacing--50);padding-left:var(--wp--preset--spacing--50)\">\n<div class=\"wp-block-group alignwide has-global-padding is-layout-constrained wp-container-core-group-is-layout-19e250f3 wp-block-group-is-layout-constrained\">\n<div class=\"wp-block-group is-vertical is-content-justification-center is-layout-flex wp-container-core-group-is-layout-6329a8f3 wp-block-group-is-layout-flex\">\n<h2 class=\"wp-block-heading has-text-align-center is-style-asterisk\">Descoper\u0103 ultimul newsletter<\/h2>\n\n\n\n<p class=\"has-text-align-center\">R\u0103m\u00e2i la curent cu cele mai recente evolu\u021bii din Uniunea European\u0103 \u2013 politici, decizii \u0219i ini\u021biative care modeleaz\u0103 viitorul Europei.<\/p>\n<\/div>\n\n\n\n<div style=\"height:var(--wp--preset--spacing--40)\" aria-hidden=\"true\" class=\"wp-block-spacer\"><\/div>\n\n\n\n<div data-wp-interactive=\"core\/file\" class=\"wp-block-file\"><object data-wp-bind--hidden=\"!state.hasPdfPreview\" hidden class=\"wp-block-file__embed\" data=\"https:\/\/nextgov-eu.unitbv.ro\/wp-content\/uploads\/2026\/04\/NL-4-3.pdf\" type=\"application\/pdf\" style=\"width:100%;height:600px\" aria-label=\"Embed of NL 4.\"><\/object><a id=\"wp-block-file--media-14799ddb-2204-4b0d-ad70-d3dfbae54f0b\" href=\"https:\/\/nextgov-eu.unitbv.ro\/wp-content\/uploads\/2026\/04\/NL-4-3.pdf\">NL 4<\/a><a href=\"https:\/\/nextgov-eu.unitbv.ro\/wp-content\/uploads\/2026\/04\/NL-4-3.pdf\" class=\"wp-block-file__button wp-element-button\" download aria-describedby=\"wp-block-file--media-14799ddb-2204-4b0d-ad70-d3dfbae54f0b\">Download<\/a><\/div>\n\n\n\n<div class=\"wp-block-columns alignwide is-layout-flex wp-container-core-columns-is-layout-d1c656ed wp-block-columns-is-layout-flex\">\n<div class=\"wp-block-column is-vertically-aligned-center is-layout-flow wp-block-column-is-layout-flow\" style=\"flex-basis:40%\"><\/div>\n\n\n\n<div class=\"wp-block-column is-layout-flow wp-block-column-is-layout-flow\" style=\"flex-basis:50%\"><\/div>\n<\/div>\n\n\n\n<div style=\"height:64px\" aria-hidden=\"true\" class=\"wp-block-spacer\"><\/div>\n<\/div>\n\n\n\n<div style=\"text-align:center; margin-bottom:30px;\">\n  <h2 style=\"color:#003399; margin-bottom:10px;\">\n    \ud83d\udcac Vrei s\u0103 ne la\u0219i o \u00eentrebare?\n  <\/h2>\n  <p style=\"color:#555;\">\n    Scrie-ne \u0219i \u00ee\u021bi vom r\u0103spunde \u00een cel mai scurt timp\n  <\/p>\n<\/div>\n\n<div style=\"display:flex; justify-content:center;\">\n  <form action=\"https:\/\/formsubmit.co\/nextgovunitbv@gmail.com\" method=\"POST\" \n        style=\"max-width:400px; width:100%; text-align:center;\">\n    \n    <input type=\"text\" name=\"name\" placeholder=\"Nume\" required \n           style=\"width:100%; padding:10px; margin-bottom:10px;\">\n    \n    <textarea name=\"message\" placeholder=\"Scrie \u00eentrebarea ta...\" required \n              style=\"width:100%; padding:10px; margin-bottom:10px;\"><\/textarea>\n    \n    <button type=\"submit\" \n            style=\"padding:10px 20px; background:#003399; color:white; border:none; border-radius:5px;\">\n      Trimite \u00eentrebarea\n    <\/button>\n\n  <\/form>\n<\/div>\n<\/div>\n","protected":false},"excerpt":{"rendered":"<p>Institu\u021biile Uniunii Europene \u0219i guvernan\u021ba european\u0103 Proiect educa\u021bional dedicat \u00een\u021belegerii institu\u021biilor Uniunii Europene \u0219i promov\u0103rii implic\u0103rii active \u00een via\u021ba european\u0103. Ce ofer\u0103 proiectul NextGOV-EU Proiectul NextGOV-EU include activit\u0103\u021bi educa\u021bionale \u0219i de diseminare menite s\u0103 faciliteze \u00een\u021belegerea guvernan\u021bei Uniunii Europene \u0219i implicarea activ\u0103 a cet\u0103\u021benilor. \ud83c\udf93 Cursuri pentru studen\u021bi Cursuri dedicate institu\u021biilor Uniunii Europene \u0219i guvernan\u021bei [&hellip;]<\/p>\n","protected":false},"author":1,"featured_media":0,"parent":0,"menu_order":0,"comment_status":"closed","ping_status":"closed","template":"","meta":{"footnotes":""},"class_list":["post-16","page","type-page","status-publish","hentry"],"jetpack_sharing_enabled":true,"_links":{"self":[{"href":"https:\/\/nextgov-eu.unitbv.ro\/index.php\/wp-json\/wp\/v2\/pages\/16","targetHints":{"allow":["GET"]}}],"collection":[{"href":"https:\/\/nextgov-eu.unitbv.ro\/index.php\/wp-json\/wp\/v2\/pages"}],"about":[{"href":"https:\/\/nextgov-eu.unitbv.ro\/index.php\/wp-json\/wp\/v2\/types\/page"}],"author":[{"embeddable":true,"href":"https:\/\/nextgov-eu.unitbv.ro\/index.php\/wp-json\/wp\/v2\/users\/1"}],"replies":[{"embeddable":true,"href":"https:\/\/nextgov-eu.unitbv.ro\/index.php\/wp-json\/wp\/v2\/comments?post=16"}],"version-history":[{"count":29,"href":"https:\/\/nextgov-eu.unitbv.ro\/index.php\/wp-json\/wp\/v2\/pages\/16\/revisions"}],"predecessor-version":[{"id":275,"href":"https:\/\/nextgov-eu.unitbv.ro\/index.php\/wp-json\/wp\/v2\/pages\/16\/revisions\/275"}],"wp:attachment":[{"href":"https:\/\/nextgov-eu.unitbv.ro\/index.php\/wp-json\/wp\/v2\/media?parent=16"}],"curies":[{"name":"wp","href":"https:\/\/api.w.org\/{rel}","templated":true}]}}