{"id":187,"date":"2026-02-26T21:48:19","date_gmt":"2026-02-26T21:48:19","guid":{"rendered":"https:\/\/nextgov-eu.unitbv.ro\/?page_id=187"},"modified":"2026-02-26T21:50:34","modified_gmt":"2026-02-26T21:50:34","slug":"tematica-cursurilor","status":"publish","type":"page","link":"https:\/\/nextgov-eu.unitbv.ro\/index.php\/tematica-cursurilor\/","title":{"rendered":"TEMATICA CURSURILOR"},"content":{"rendered":"\n<div class=\"wp-block-group alignwide has-global-padding is-layout-constrained wp-block-group-is-layout-constrained\">\n<div class=\"wp-block-group has-global-padding is-layout-constrained wp-block-group-is-layout-constrained\">\n<h3 class=\"wp-block-heading alignfull\">Cursul ofer\u0103 o perspectiv\u0103 sintetic\u0103 asupra institu\u021biilor Uniunii Europene \u0219i a mecanismelor de guvernan\u021b\u0103, eviden\u021biind rolul acestora \u00een procesul decizional european.<\/h3>\n\n\n\n<p><br>Tematica urm\u0103re\u0219te dezvoltarea \u00een\u021belegerii sistemului european \u0219i implicarea activ\u0103 a cet\u0103\u021benilor \u00een via\u021ba comunitar\u0103.<\/p>\n<\/div>\n\n\n\n<h2 class=\"wp-block-heading\">   <\/h2>\n<\/div>\n\n\n\n<div data-wp-interactive=\"core\/file\" style=\"max-width:800px; margin:0 auto;\">\n  <div class=\"wp-block-file aligncenter\">\n    <object data-wp-bind--hidden=\"!state.hasPdfPreview\" hidden \n      class=\"wp-block-file__embed\" \n      data=\"https:\/\/nextgov-eu.unitbv.ro\/wp-content\/uploads\/2026\/02\/Propunere-curs_Institutii-europene-si-guvernanta-europeana_RO.pdf\" \n      type=\"application\/pdf\" \n      style=\"width:100%; height:600px; border-radius:12px;\"\n      aria-label=\"Embed of Propunere curs.\">\n    <\/object>\n\n    <a href=\"https:\/\/nextgov-eu.unitbv.ro\/wp-content\/uploads\/2026\/02\/Propunere-curs_Institutii-europene-si-guvernanta-europeana_RO.pdf\">\n      Propunere curs &#8211; descarc\u0103 PDF\n    <\/a>\n\n    <br>\n\n    <a href=\"https:\/\/nextgov-eu.unitbv.ro\/wp-content\/uploads\/2026\/02\/Propunere-curs_Institutii-europene-si-guvernanta-europeana_RO.pdf\" \n       class=\"wp-block-file__button wp-element-button\" \n       download>\n      Download\n    <\/a>\n  <\/div>\n<\/div>\n","protected":false},"excerpt":{"rendered":"<p>Cursul ofer\u0103 o perspectiv\u0103 sintetic\u0103 asupra institu\u021biilor Uniunii Europene \u0219i a mecanismelor de guvernan\u021b\u0103, eviden\u021biind rolul acestora \u00een procesul decizional european. Tematica urm\u0103re\u0219te dezvoltarea \u00een\u021belegerii sistemului european \u0219i implicarea activ\u0103 a cet\u0103\u021benilor \u00een via\u021ba comunitar\u0103.<\/p>\n","protected":false},"author":1,"featured_media":0,"parent":0,"menu_order":0,"comment_status":"closed","ping_status":"closed","template":"","meta":{"footnotes":""},"class_list":["post-187","page","type-page","status-publish","hentry"],"jetpack_sharing_enabled":true,"_links":{"self":[{"href":"https:\/\/nextgov-eu.unitbv.ro\/index.php\/wp-json\/wp\/v2\/pages\/187","targetHints":{"allow":["GET"]}}],"collection":[{"href":"https:\/\/nextgov-eu.unitbv.ro\/index.php\/wp-json\/wp\/v2\/pages"}],"about":[{"href":"https:\/\/nextgov-eu.unitbv.ro\/index.php\/wp-json\/wp\/v2\/types\/page"}],"author":[{"embeddable":true,"href":"https:\/\/nextgov-eu.unitbv.ro\/index.php\/wp-json\/wp\/v2\/users\/1"}],"replies":[{"embeddable":true,"href":"https:\/\/nextgov-eu.unitbv.ro\/index.php\/wp-json\/wp\/v2\/comments?post=187"}],"version-history":[{"count":5,"href":"https:\/\/nextgov-eu.unitbv.ro\/index.php\/wp-json\/wp\/v2\/pages\/187\/revisions"}],"predecessor-version":[{"id":194,"href":"https:\/\/nextgov-eu.unitbv.ro\/index.php\/wp-json\/wp\/v2\/pages\/187\/revisions\/194"}],"wp:attachment":[{"href":"https:\/\/nextgov-eu.unitbv.ro\/index.php\/wp-json\/wp\/v2\/media?parent=187"}],"curies":[{"name":"wp","href":"https:\/\/api.w.org\/{rel}","templated":true}]}}