{"id":196,"date":"2026-02-26T21:54:05","date_gmt":"2026-02-26T21:54:05","guid":{"rendered":"https:\/\/nextgov-eu.unitbv.ro\/?page_id=196"},"modified":"2026-02-26T21:54:52","modified_gmt":"2026-02-26T21:54:52","slug":"tematica-seminariilor","status":"publish","type":"page","link":"https:\/\/nextgov-eu.unitbv.ro\/index.php\/tematica-seminariilor\/","title":{"rendered":"TEMATICA SEMINARIILOR"},"content":{"rendered":"\n<div class=\"wp-block-group alignwide has-global-padding is-layout-constrained wp-block-group-is-layout-constrained\">\n<h3 class=\"wp-block-heading\">Seminariile completeaz\u0103 componenta teoretic\u0103 prin activit\u0103\u021bi aplicative, facilit\u00e2nd \u00een\u021belegerea mecanismelor institu\u021bionale \u0219i a proceselor decizionale europene.<\/h3>\n\n\n\n<p><br>Acestea urm\u0103resc dezvoltarea abilit\u0103\u021bilor de analiz\u0103, dezbatere \u0219i implicare activ\u0103 \u00een contextul guvernan\u021bei europene.<\/p>\n<\/div>\n\n\n\n<div data-wp-interactive=\"core\/file\" style=\"max-width:800px; margin:0 auto;\">\n  <div class=\"wp-block-file aligncenter\">\n\n    <object data-wp-bind--hidden=\"!state.hasPdfPreview\" hidden \n      class=\"wp-block-file__embed\" \n      data=\"https:\/\/nextgov-eu.unitbv.ro\/wp-content\/uploads\/2026\/02\/Propunere-seminare_Institutii-europene-si-guvernanta-europeana_RO.pdf\" \n      type=\"application\/pdf\" \n      style=\"width:100%; height:600px; border-radius:12px;\"\n      aria-label=\"Embed of Propunere seminare.\">\n    <\/object>\n\n    <a href=\"https:\/\/nextgov-eu.unitbv.ro\/wp-content\/uploads\/2026\/02\/Propunere-seminare_Institutii-europene-si-guvernanta-europeana_RO.pdf\">\n      Propunere seminare &#8211; descarc\u0103 PDF\n    <\/a>\n\n    <br>\n\n    <a href=\"https:\/\/nextgov-eu.unitbv.ro\/wp-content\/uploads\/2026\/02\/Propunere-seminare_Institutii-europene-si-guvernanta-europeana_RO.pdf\" \n       class=\"wp-block-file__button wp-element-button\" \n       download>\n      Download\n    <\/a>\n\n  <\/div>\n<\/div>\n","protected":false},"excerpt":{"rendered":"<p>Seminariile completeaz\u0103 componenta teoretic\u0103 prin activit\u0103\u021bi aplicative, facilit\u00e2nd \u00een\u021belegerea mecanismelor institu\u021bionale \u0219i a proceselor decizionale europene. Acestea urm\u0103resc dezvoltarea abilit\u0103\u021bilor de analiz\u0103, dezbatere \u0219i implicare activ\u0103 \u00een contextul guvernan\u021bei europene.<\/p>\n","protected":false},"author":1,"featured_media":0,"parent":0,"menu_order":0,"comment_status":"closed","ping_status":"closed","template":"","meta":{"footnotes":""},"class_list":["post-196","page","type-page","status-publish","hentry"],"jetpack_sharing_enabled":true,"_links":{"self":[{"href":"https:\/\/nextgov-eu.unitbv.ro\/index.php\/wp-json\/wp\/v2\/pages\/196","targetHints":{"allow":["GET"]}}],"collection":[{"href":"https:\/\/nextgov-eu.unitbv.ro\/index.php\/wp-json\/wp\/v2\/pages"}],"about":[{"href":"https:\/\/nextgov-eu.unitbv.ro\/index.php\/wp-json\/wp\/v2\/types\/page"}],"author":[{"embeddable":true,"href":"https:\/\/nextgov-eu.unitbv.ro\/index.php\/wp-json\/wp\/v2\/users\/1"}],"replies":[{"embeddable":true,"href":"https:\/\/nextgov-eu.unitbv.ro\/index.php\/wp-json\/wp\/v2\/comments?post=196"}],"version-history":[{"count":2,"href":"https:\/\/nextgov-eu.unitbv.ro\/index.php\/wp-json\/wp\/v2\/pages\/196\/revisions"}],"predecessor-version":[{"id":199,"href":"https:\/\/nextgov-eu.unitbv.ro\/index.php\/wp-json\/wp\/v2\/pages\/196\/revisions\/199"}],"wp:attachment":[{"href":"https:\/\/nextgov-eu.unitbv.ro\/index.php\/wp-json\/wp\/v2\/media?parent=196"}],"curies":[{"name":"wp","href":"https:\/\/api.w.org\/{rel}","templated":true}]}}