{"id":22,"date":"2024-04-03T17:44:11","date_gmt":"2024-04-03T17:44:11","guid":{"rendered":"https:\/\/nextgov-eu.unitbv.ro\/?page_id=22"},"modified":"2026-02-26T22:21:43","modified_gmt":"2026-02-26T22:21:43","slug":"activitati","status":"publish","type":"page","link":"https:\/\/nextgov-eu.unitbv.ro\/index.php\/activitati\/","title":{"rendered":"Activit\u0103\u021bi"},"content":{"rendered":"\n<div style=\"max-width:800px; margin:0 auto;\">\n  <h4 class=\"wp-block-heading has-text-align-center\">\n    <code><em>\n      Activit\u0103\u021bile proiectului vizeaz\u0103 dezvoltarea cuno\u0219tin\u021belor despre institu\u021biile Uniunii Europene \u0219i promovarea particip\u0103rii active \u00een procesul decizional european.\n    <\/em><\/code>\n  <\/h4>\n<\/div>\n\n\n\n<div class=\"wp-block-group alignwide has-global-padding is-layout-constrained wp-block-group-is-layout-constrained\" style=\"padding-top:var(--wp--preset--spacing--50);padding-bottom:var(--wp--preset--spacing--50)\">\n<div class=\"wp-block-group alignwide activities-grid is-layout-grid wp-container-core-group-is-layout-7272cce2 wp-block-group-is-layout-grid\" style=\"margin-top:var(--wp--preset--spacing--30)\">\n<div class=\"wp-block-group has-base-2-background-color has-background has-global-padding is-layout-constrained wp-container-core-group-is-layout-082f1c99 wp-block-group-is-layout-constrained\" style=\"border-radius:12px;padding-top:var(--wp--preset--spacing--30);padding-right:var(--wp--preset--spacing--30);padding-bottom:var(--wp--preset--spacing--30);padding-left:var(--wp--preset--spacing--30)\">\n<p><\/p>\n\n\n\n<h4 class=\"wp-block-heading alignfull has-text-align-center\"><strong>\ud83c\udf93 Cursuri pentru studen\u021bi<\/strong><br><\/h4>\n\n\n\n<figure class=\"wp-block-image aligncenter size-full\"><img loading=\"lazy\" decoding=\"async\" width=\"57\" height=\"56\" src=\"https:\/\/nextgov-eu.unitbv.ro\/wp-content\/uploads\/2026\/02\/image.png\" alt=\"\" class=\"wp-image-124\"\/><\/figure>\n\n\n\n<p><\/p>\n\n\n\n<p class=\"has-small-font-size\">Cursurile \u201eInstitu\u021bii europene\u201d \u0219i \u201eGuvernan\u021b\u0103 european\u0103\u201d sunt organizate anual \u00een cadrul Universit\u0103\u021bii Transilvania din Bra\u0219ov.<\/p>\n\n\n\n<p class=\"has-small-font-size\">\n  La \u00eenceputul fiec\u0103rui an universitar, studen\u021bii sunt informa\u021bi cu privire la con\u021binutul \u0219i structura cursurilor (vezi tematica \n  <a href=\"https:\/\/nextgov-eu.unitbv.ro\/index.php\/tematica-cursurilor\/\" target=\"_blank\">aici<\/a>).\n<\/p>\n\n\n\n<p class=\"has-small-font-size\"><p class=\"has-small-font-size\" style=\"margin-bottom:0;\">Metode utilizate:<\/p><\/p>\n\n\n\n<ul style=\"margin-top:6px;margin-bottom:10px\" class=\"wp-block-list has-small-font-size\">\n<li>\u00cenv\u0103\u021bare bazat\u0103 pe proiecte<\/li>\n\n\n\n<li>\u00cenv\u0103\u021bare bazat\u0103 pe anchet\u0103<\/li>\n\n\n\n<li>Predare \u00eentre egali<\/li>\n\n\n\n<li>\u00cenv\u0103\u021bare mixt\u0103<\/li>\n\n\n\n<li>\u00cenv\u0103\u021bare activ\u0103<br><br><\/li>\n<\/ul>\n\n\n\n<p class=\"has-small-font-size\" style=\"margin-top:0\"><strong>Participan\u021bii beneficiaz\u0103 de certificate de participare.<\/strong><\/p>\n<\/div>\n\n\n\n<div class=\"wp-block-group has-base-2-background-color has-background has-global-padding is-layout-constrained wp-container-core-group-is-layout-082f1c99 wp-block-group-is-layout-constrained\" style=\"border-radius:12px;padding-top:var(--wp--preset--spacing--30);padding-right:var(--wp--preset--spacing--30);padding-bottom:var(--wp--preset--spacing--30);padding-left:var(--wp--preset--spacing--30)\">\n<h3 class=\"wp-block-heading has-medium-font-size\"><\/h3>\n\n\n\n<h4 class=\"wp-block-heading alignfull has-text-align-center\"><strong>\ud83c\udfeb Seminare pentru elevi \u0219i alte grupuri \u021bint\u0103<br><\/strong><\/h4>\n\n\n\n<figure class=\"wp-block-image aligncenter size-full\"><img loading=\"lazy\" decoding=\"async\" width=\"57\" height=\"56\" src=\"https:\/\/nextgov-eu.unitbv.ro\/wp-content\/uploads\/2026\/02\/image-2.png\" alt=\"\" class=\"wp-image-127\"\/><\/figure>\n\n\n\n<p class=\"has-text-align-center\"><\/p>\n\n\n\n<p class=\"has-small-font-size\">Seminarele sunt organizate anual \u00een licee din municipiul Bra\u0219ov \u0219i se adreseaz\u0103 elevilor \u0219i altor categorii interesate.<\/p>\n\n\n\n<p class=\"has-small-font-size\">\n  Fiecare modul educa\u021bional include un pachet de <strong>8 seminare<\/strong>, structurate pe teme relevante privind Uniunea European\u0103 (vezi tematica \n  <a href=\"https:\/\/nextgov-eu.unitbv.ro\/index.php\/tematica-seminariilor\/\" target=\"_blank\">aici<\/a>).\n<\/p>\n\n\n\n<p class=\"has-small-font-size\">Activit\u0103\u021bile urm\u0103resc cre\u0219terea nivelului de informare \u0219i dezvoltarea g\u00e2ndirii critice \u00een r\u00e2ndul participan\u021bilor.<\/p>\n\n\n\n<p class=\"has-small-font-size\"><strong>Participan\u021bii primesc certificate de participare.<\/strong><\/p>\n<\/div>\n\n\n\n<div class=\"wp-block-group has-base-2-background-color has-background has-global-padding is-layout-constrained wp-container-core-group-is-layout-082f1c99 wp-block-group-is-layout-constrained\" style=\"border-radius:12px;padding-top:var(--wp--preset--spacing--30);padding-right:var(--wp--preset--spacing--30);padding-bottom:var(--wp--preset--spacing--30);padding-left:var(--wp--preset--spacing--30)\">\n<h3 class=\"wp-block-heading has-medium-font-size\"><\/h3>\n\n\n\n<h4 class=\"wp-block-heading alignfull has-text-align-center\"><strong>\ud83e\udd1d Organizarea de evenimente<br><\/strong><\/h4>\n\n\n\n<figure class=\"wp-block-image aligncenter size-full\"><img loading=\"lazy\" decoding=\"async\" width=\"55\" height=\"56\" src=\"https:\/\/nextgov-eu.unitbv.ro\/wp-content\/uploads\/2026\/02\/image-4.png\" alt=\"\" class=\"wp-image-130\"\/><\/figure>\n\n\n\n<p class=\"has-text-align-center\"><\/p>\n\n\n\n<p class=\"has-small-font-size\">Proiectul include organizarea de evenimente academice \u0219i publice, cu scopul de a stimula dialogul \u0219i implicarea civic\u0103.<\/p>\n\n\n\n<p><strong>Conferin\u021be \u0219i mese rotunde<\/strong><\/p>\n\n\n\n<p class=\"has-small-font-size\" style=\"font-style:italic\">Acestea au ca obiectiv facilitarea dialogului \u00eentre mediul academic, exper\u021bi \u0219i public, contribuind la \u00een\u021belegerea procesului decizional la nivelul Uniunii Europene.<\/p>\n\n\n\n<p><strong>Workshop-uri<\/strong><\/p>\n\n\n\n<p class=\"has-small-font-size\" style=\"font-style:italic\"><p class=\"has-small-font-size\" style=\"font-style:italic;margin-bottom:0;\"><strong>Workshop-urile<\/strong> au rolul de a sintetiza informa\u021biile acumulate ca urmare a cursurilor \u0219i seminarelor \u0219i de a \u00eencuraja dezbateri pe teme actuale privind Uniunea European\u0103.<\/p><\/p>\n<\/div>\n\n\n\n<div class=\"wp-block-group has-base-2-background-color has-background has-global-padding is-layout-constrained wp-container-core-group-is-layout-082f1c99 wp-block-group-is-layout-constrained\" style=\"border-radius:12px;padding-top:var(--wp--preset--spacing--30);padding-right:var(--wp--preset--spacing--30);padding-bottom:var(--wp--preset--spacing--30);padding-left:var(--wp--preset--spacing--30)\">\n<h3 class=\"wp-block-heading has-medium-font-size\"><\/h3>\n\n\n\n<h4 class=\"wp-block-heading alignfull has-text-align-center\"><strong><strong>\ud83d\udcda Publica\u021bii \u0219i materiale educa\u021bionale<\/strong><\/strong><\/h4>\n\n\n\n<figure class=\"wp-block-image aligncenter size-full\"><img loading=\"lazy\" decoding=\"async\" width=\"49\" height=\"57\" src=\"https:\/\/nextgov-eu.unitbv.ro\/wp-content\/uploads\/2026\/02\/image-3.png\" alt=\"\" class=\"wp-image-129\"\/><\/figure>\n\n\n\n<p><\/p>\n\n\n\n<p class=\"has-small-font-size\">Proiectul include elaborarea \u0219i diseminarea de materiale academice \u0219i educa\u021bionale, precum:<\/p>\n\n\n\n<ul style=\"margin-top:6px;margin-bottom:10px\" class=\"wp-block-list has-small-font-size\">\n<li>Suporturi de curs<\/li>\n\n\n\n<li>Articole \u0219tiin\u021bifice<\/li>\n\n\n\n<li>Volume \u0219i lucr\u0103ri de specialitate<\/li>\n<\/ul>\n\n\n\n<p class=\"has-small-font-size\" style=\"margin-top:0;margin-bottom:0\">Acestea contribuie la promovarea cunoa\u0219terii \u00een domeniul guvernan\u021bei europene.<\/p>\n<\/div>\n<\/div>\n<\/div>\n","protected":false},"excerpt":{"rendered":"<p>Activit\u0103\u021bile proiectului vizeaz\u0103 dezvoltarea cuno\u0219tin\u021belor despre institu\u021biile Uniunii Europene \u0219i promovarea particip\u0103rii active \u00een procesul decizional european. \ud83c\udf93 Cursuri pentru studen\u021bi Cursurile \u201eInstitu\u021bii europene\u201d \u0219i \u201eGuvernan\u021b\u0103 european\u0103\u201d sunt organizate anual \u00een cadrul Universit\u0103\u021bii Transilvania din Bra\u0219ov. La \u00eenceputul fiec\u0103rui an universitar, studen\u021bii sunt informa\u021bi cu privire la con\u021binutul \u0219i structura cursurilor (vezi tematica aici). Metode [&hellip;]<\/p>\n","protected":false},"author":1,"featured_media":0,"parent":0,"menu_order":0,"comment_status":"closed","ping_status":"closed","template":"","meta":{"footnotes":""},"class_list":["post-22","page","type-page","status-publish","hentry"],"jetpack_sharing_enabled":true,"_links":{"self":[{"href":"https:\/\/nextgov-eu.unitbv.ro\/index.php\/wp-json\/wp\/v2\/pages\/22","targetHints":{"allow":["GET"]}}],"collection":[{"href":"https:\/\/nextgov-eu.unitbv.ro\/index.php\/wp-json\/wp\/v2\/pages"}],"about":[{"href":"https:\/\/nextgov-eu.unitbv.ro\/index.php\/wp-json\/wp\/v2\/types\/page"}],"author":[{"embeddable":true,"href":"https:\/\/nextgov-eu.unitbv.ro\/index.php\/wp-json\/wp\/v2\/users\/1"}],"replies":[{"embeddable":true,"href":"https:\/\/nextgov-eu.unitbv.ro\/index.php\/wp-json\/wp\/v2\/comments?post=22"}],"version-history":[{"count":32,"href":"https:\/\/nextgov-eu.unitbv.ro\/index.php\/wp-json\/wp\/v2\/pages\/22\/revisions"}],"predecessor-version":[{"id":211,"href":"https:\/\/nextgov-eu.unitbv.ro\/index.php\/wp-json\/wp\/v2\/pages\/22\/revisions\/211"}],"wp:attachment":[{"href":"https:\/\/nextgov-eu.unitbv.ro\/index.php\/wp-json\/wp\/v2\/media?parent=22"}],"curies":[{"name":"wp","href":"https:\/\/api.w.org\/{rel}","templated":true}]}}