{"id":26,"date":"2024-04-03T17:44:37","date_gmt":"2024-04-03T17:44:37","guid":{"rendered":"https:\/\/nextgov-eu.unitbv.ro\/?page_id=26"},"modified":"2026-04-11T19:57:23","modified_gmt":"2026-04-11T19:57:23","slug":"forum","status":"publish","type":"page","link":"https:\/\/nextgov-eu.unitbv.ro\/index.php\/forum\/","title":{"rendered":"Forum"},"content":{"rendered":"\n<h2 style=\"text-align:center; font-weight:600; margin-bottom:20px;\">\n  \ud83d\udcac \u00centreb\u0103ri frecvente despre Uniunea European\u0103\n<\/h2>\n\n\n\n<div style=\"display:flex; justify-content:center;\">\n  <form action=\"https:\/\/formsubmit.co\/nextgovunitbv@gmail.com\" method=\"POST\" \n        style=\"max-width:400px; width:100%; text-align:center;\">\n    \n    <input type=\"text\" name=\"name\" placeholder=\"Nume\" required \n           style=\"width:100%; padding:10px; margin-bottom:10px;\">\n    \n    <textarea name=\"message\" placeholder=\"Scrie \u00eentrebarea ta...\" required \n              style=\"width:100%; padding:10px; margin-bottom:10px;\"><\/textarea>\n    \n    <button type=\"submit\" \n            style=\"padding:10px 20px; background:#003399; color:white; border:none; border-radius:5px;\">\n      Trimite \u00eentrebarea\n    <\/button>\n\n  <\/form>\n<\/div>\n\n\n\n<div style=\"display:flex; justify-content:center;\">\n  <div style=\"max-width:600px; width:100%;\">\n\n    <div class=\"faq-box\">\n      <h4>\u2753 Ce este Uniunea European\u0103?<\/h4>\n      <p>\ud83d\udc49 Uniunea European\u0103 este o uniune politic\u0103 \u0219i economic\u0103 format\u0103 din 27 de state membre, care colaboreaz\u0103 pentru a asigura pacea, stabilitatea \u0219i dezvoltarea economic\u0103.<\/p>\n    <\/div>\n\n    <div class=\"faq-box\">\n      <h4>\u2753 Ce rol are Parlamentul European?<\/h4>\n      <p>\ud83d\udc49 Parlamentul European reprezint\u0103 cet\u0103\u021benii UE \u0219i are rol legislativ, adopt\u00e2nd legi \u00eempreun\u0103 cu Consiliul Uniunii Europene.<\/p>\n    <\/div>\n\n    <div class=\"faq-box\">\n      <h4>\u2753 Ce este Comisia European\u0103?<\/h4>\n      <p>\ud83d\udc49 Comisia European\u0103 este institu\u021bia executiv\u0103 a Uniunii Europene, responsabil\u0103 pentru propunerea legisla\u021biei \u0219i implementarea politicilor europene.<\/p>\n    <\/div>\n\n    <div class=\"faq-box\">\n      <h4>\u2753 Ce este programul Erasmus+?<\/h4>\n      <p>\ud83d\udc49 Erasmus+ este un program european care ofer\u0103 oportunit\u0103\u021bi de studiu, formare \u0219i voluntariat \u00een alte \u021b\u0103ri din Uniunea European\u0103.<\/p>\n    <\/div>\n\n    <div class=\"faq-box\">\n      <h4>\u2753 Cum pot beneficia de fonduri europene?<\/h4>\n      <p>\ud83d\udc49 Fondurile europene pot fi accesate prin programe dedicate, \u00een func\u021bie de domeniu (educa\u021bie, agricultur\u0103, antreprenoriat), prin proiecte depuse la autorit\u0103\u021bile competente.<\/p>\n    <\/div>\n\n    <div class=\"faq-box\">\n      <h4>\u2753 Ce \u00eenseamn\u0103 pia\u021ba unic\u0103 european\u0103?<\/h4>\n      <p>\ud83d\udc49 Pia\u021ba unic\u0103 permite libera circula\u021bie a bunurilor, serviciilor, capitalului \u0219i persoanelor \u00eentre statele membre ale Uniunii Europene.<\/p>\n    <\/div>\n\n  <\/div>\n<\/div>\n","protected":false},"excerpt":{"rendered":"<p>\ud83d\udcac \u00centreb\u0103ri frecvente despre Uniunea European\u0103 Trimite \u00eentrebarea \u2753 Ce este Uniunea European\u0103? \ud83d\udc49 Uniunea European\u0103 este o uniune politic\u0103 \u0219i economic\u0103 format\u0103 din 27 de state membre, care colaboreaz\u0103 pentru a asigura pacea, stabilitatea \u0219i dezvoltarea economic\u0103. \u2753 Ce rol are Parlamentul European? \ud83d\udc49 Parlamentul European reprezint\u0103 cet\u0103\u021benii UE \u0219i are rol legislativ, adopt\u00e2nd [&hellip;]<\/p>\n","protected":false},"author":1,"featured_media":0,"parent":0,"menu_order":0,"comment_status":"closed","ping_status":"closed","template":"","meta":{"footnotes":""},"class_list":["post-26","page","type-page","status-publish","hentry"],"jetpack_sharing_enabled":true,"_links":{"self":[{"href":"https:\/\/nextgov-eu.unitbv.ro\/index.php\/wp-json\/wp\/v2\/pages\/26","targetHints":{"allow":["GET"]}}],"collection":[{"href":"https:\/\/nextgov-eu.unitbv.ro\/index.php\/wp-json\/wp\/v2\/pages"}],"about":[{"href":"https:\/\/nextgov-eu.unitbv.ro\/index.php\/wp-json\/wp\/v2\/types\/page"}],"author":[{"embeddable":true,"href":"https:\/\/nextgov-eu.unitbv.ro\/index.php\/wp-json\/wp\/v2\/users\/1"}],"replies":[{"embeddable":true,"href":"https:\/\/nextgov-eu.unitbv.ro\/index.php\/wp-json\/wp\/v2\/comments?post=26"}],"version-history":[{"count":9,"href":"https:\/\/nextgov-eu.unitbv.ro\/index.php\/wp-json\/wp\/v2\/pages\/26\/revisions"}],"predecessor-version":[{"id":268,"href":"https:\/\/nextgov-eu.unitbv.ro\/index.php\/wp-json\/wp\/v2\/pages\/26\/revisions\/268"}],"wp:attachment":[{"href":"https:\/\/nextgov-eu.unitbv.ro\/index.php\/wp-json\/wp\/v2\/media?parent=26"}],"curies":[{"name":"wp","href":"https:\/\/api.w.org\/{rel}","templated":true}]}}