{"id":28,"date":"2024-04-03T17:44:49","date_gmt":"2024-04-03T17:44:49","guid":{"rendered":"https:\/\/nextgov-eu.unitbv.ro\/?page_id=28"},"modified":"2026-04-12T13:11:40","modified_gmt":"2026-04-12T13:11:40","slug":"cursuri-online","status":"publish","type":"page","link":"https:\/\/nextgov-eu.unitbv.ro\/index.php\/cursuri-online\/","title":{"rendered":"Cursuri online"},"content":{"rendered":"\n<div class=\"wp-block-group alignfull has-accent-5-background-color has-background has-global-padding is-layout-constrained wp-container-core-group-is-layout-d89aad35 wp-block-group-is-layout-constrained\" style=\"margin-top:0;margin-bottom:0;padding-top:var(--wp--preset--spacing--50);padding-right:var(--wp--preset--spacing--50);padding-bottom:var(--wp--preset--spacing--50);padding-left:var(--wp--preset--spacing--50)\">\n<div class=\"wp-block-columns alignwide is-layout-flex wp-container-core-columns-is-layout-1da03c2a wp-block-columns-is-layout-flex\">\n<div class=\"wp-block-column is-vertically-aligned-center is-layout-flow wp-block-column-is-layout-flow\" style=\"flex-basis:60%\">\n<div data-wp-interactive=\"core\/file\" class=\"wp-block-file\"><object data-wp-bind--hidden=\"!state.hasPdfPreview\" hidden class=\"wp-block-file__embed\" data=\"https:\/\/nextgov-eu.unitbv.ro\/wp-content\/uploads\/2026\/03\/Curs_1-1.pdf\" type=\"application\/pdf\" style=\"width:100%;height:600px\" aria-label=\"Embed of Curs_1.\"><\/object><a id=\"wp-block-file--media-9f31c6ed-2ddb-4388-bbf5-2235a6998e86\" href=\"https:\/\/nextgov-eu.unitbv.ro\/wp-content\/uploads\/2026\/03\/Curs_1-1.pdf\">Curs_1<\/a><a href=\"https:\/\/nextgov-eu.unitbv.ro\/wp-content\/uploads\/2026\/03\/Curs_1-1.pdf\" class=\"wp-block-file__button wp-element-button\" download aria-describedby=\"wp-block-file--media-9f31c6ed-2ddb-4388-bbf5-2235a6998e86\">Download<\/a><\/div>\n<\/div>\n\n\n\n<div class=\"wp-block-column is-layout-flow wp-block-column-is-layout-flow\" style=\"flex-basis:40%\">\n<h2 class=\"wp-block-heading\">Introducere \u00een economia european\u0103 \u0219i apari\u021bia Uniunii Europene<\/h2>\n\n\n\n<p>Acest curs prezint\u0103 conceptele fundamentale ale integr\u0103rii economice interna\u021bionale \u0219i evolu\u021bia procesului de integrare european\u0103. Sunt analizate etapele integr\u0103rii economice, principalele structuri de integrare din lume \u0219i contextul istoric care a condus la apari\u021bia primelor comunit\u0103\u021bi europene \u0219i la formarea Uniunii Europene.<\/p>\n\n\n\n<div class=\"wp-block-buttons is-layout-flex wp-block-buttons-is-layout-flex\"><\/div>\n<\/div>\n<\/div>\n<\/div>\n\n\n\n<div class=\"wp-block-group alignfull has-accent-5-background-color has-background has-global-padding is-layout-constrained wp-container-core-group-is-layout-d89aad35 wp-block-group-is-layout-constrained\" style=\"margin-top:0;margin-bottom:0;padding-top:var(--wp--preset--spacing--50);padding-right:var(--wp--preset--spacing--50);padding-bottom:var(--wp--preset--spacing--50);padding-left:var(--wp--preset--spacing--50)\">\n<div class=\"wp-block-columns alignwide is-layout-flex wp-container-core-columns-is-layout-1da03c2a wp-block-columns-is-layout-flex\">\n<div class=\"wp-block-column is-vertically-aligned-center is-layout-flow wp-block-column-is-layout-flow\" style=\"flex-basis:60%\">\n<div data-wp-interactive=\"core\/file\" class=\"wp-block-file\"><object data-wp-bind--hidden=\"!state.hasPdfPreview\" hidden class=\"wp-block-file__embed\" data=\"https:\/\/nextgov-eu.unitbv.ro\/wp-content\/uploads\/2026\/03\/Curs_2.pdf\" type=\"application\/pdf\" style=\"width:100%;height:600px\" aria-label=\"Embed of Curs_2.\"><\/object><a id=\"wp-block-file--media-16ca0e1b-562b-432a-92fd-16194b0b4768\" href=\"https:\/\/nextgov-eu.unitbv.ro\/wp-content\/uploads\/2026\/03\/Curs_2.pdf\">Curs_2<\/a><a href=\"https:\/\/nextgov-eu.unitbv.ro\/wp-content\/uploads\/2026\/03\/Curs_2.pdf\" class=\"wp-block-file__button wp-element-button\" download aria-describedby=\"wp-block-file--media-16ca0e1b-562b-432a-92fd-16194b0b4768\">Download<\/a><\/div>\n<\/div>\n\n\n\n<div class=\"wp-block-column is-layout-flow wp-block-column-is-layout-flow\" style=\"flex-basis:40%\">\n<h2 class=\"wp-block-heading\">Evolu\u021bia Comunit\u0103\u021bii Europene: de la Pia\u021ba Comun\u0103 la Pia\u021ba Unic\u0103<\/h2>\n\n\n\n<p>Prezentarea eviden\u021biaz\u0103 principalele etape ale dezvolt\u0103rii integr\u0103rii europene, de la crearea Comunit\u0103\u021bii Economice Europene \u0219i semnarea Tratatului de la Roma p\u00e2n\u0103 la apari\u021bia Pie\u021bei Unice \u0219i a Uniunii Europene. Sunt analizate obiectivele Pie\u021bei Comune, evolu\u021bia institu\u021bional\u0103 a Comunit\u0103\u021bii Europene \u0219i aprofundarea cooper\u0103rii economice, monetare \u0219i politice \u00eentre statele membre.<\/p>\n\n\n\n<div class=\"wp-block-buttons is-layout-flex wp-block-buttons-is-layout-flex\"><\/div>\n<\/div>\n<\/div>\n<\/div>\n\n\n\n<div class=\"wp-block-group alignfull has-accent-5-background-color has-background has-global-padding is-layout-constrained wp-container-core-group-is-layout-d89aad35 wp-block-group-is-layout-constrained\" style=\"margin-top:0;margin-bottom:0;padding-top:var(--wp--preset--spacing--50);padding-right:var(--wp--preset--spacing--50);padding-bottom:var(--wp--preset--spacing--50);padding-left:var(--wp--preset--spacing--50)\">\n<div class=\"wp-block-columns alignwide is-layout-flex wp-container-core-columns-is-layout-1da03c2a wp-block-columns-is-layout-flex\">\n<div class=\"wp-block-column is-vertically-aligned-center is-layout-flow wp-block-column-is-layout-flow\" style=\"flex-basis:60%\">\n<div data-wp-interactive=\"core\/file\" class=\"wp-block-file\"><object data-wp-bind--hidden=\"!state.hasPdfPreview\" hidden class=\"wp-block-file__embed\" data=\"https:\/\/nextgov-eu.unitbv.ro\/wp-content\/uploads\/2026\/03\/Curs_3.pdf\" type=\"application\/pdf\" style=\"width:100%;height:600px\" aria-label=\"Embed of Curs_3.\"><\/object><a id=\"wp-block-file--media-f8817b7b-ac8d-483d-9d80-8170e397ea9a\" href=\"https:\/\/nextgov-eu.unitbv.ro\/wp-content\/uploads\/2026\/03\/Curs_3.pdf\">Curs_3<\/a><a href=\"https:\/\/nextgov-eu.unitbv.ro\/wp-content\/uploads\/2026\/03\/Curs_3.pdf\" class=\"wp-block-file__button wp-element-button\" download aria-describedby=\"wp-block-file--media-f8817b7b-ac8d-483d-9d80-8170e397ea9a\">Download<\/a><\/div>\n<\/div>\n\n\n\n<div class=\"wp-block-column is-layout-flow wp-block-column-is-layout-flow\" style=\"flex-basis:40%\">\n<h2 class=\"wp-block-heading\">Institu\u021biile Uniunii Europene \u2013 roluri \u0219i func\u021bionare<\/h2>\n\n\n\n<p>Materialul prezint\u0103 principalele institu\u021bii ale Uniunii Europene \u0219i rolul acestora \u00een procesul decizional european. Sunt analizate func\u021biile \u0219i atribu\u021biile institu\u021biilor precum Comisia European\u0103, Parlamentul European, Consiliul Uniunii Europene, Consiliul European \u0219i Curtea de Justi\u021bie, precum \u0219i contribu\u021bia altor organisme \u0219i agen\u021bii europene la func\u021bionarea Uniunii.<\/p>\n\n\n\n<div class=\"wp-block-buttons is-layout-flex wp-block-buttons-is-layout-flex\"><\/div>\n<\/div>\n<\/div>\n<\/div>\n\n\n\n<div style=\"max-width:800px; margin:40px auto; text-align:center; background:#f5f7fa; padding:20px; border-radius:10px;\">\n  <h3 style=\"color:#003399; margin-bottom:10px;\">\n    \ud83d\udcd8 Continu\u0103 s\u0103 \u00eenve\u021bi\n  <\/h3>\n  <p style=\"color:#333; line-height:1.6;\">\n    Aceste cursuri ofer\u0103 o baz\u0103 solid\u0103 pentru \u00een\u021belegerea Uniunii Europene \u0219i a modului \u00een care aceasta func\u021bioneaz\u0103.\n    Exploreaz\u0103 materialele disponibile \u0219i aprofundeaz\u0103 cuno\u0219tin\u021bele despre integrarea european\u0103 \u0219i institu\u021biile UE.\n  <\/p>\n<\/div>\n","protected":false},"excerpt":{"rendered":"<p>Introducere \u00een economia european\u0103 \u0219i apari\u021bia Uniunii Europene Acest curs prezint\u0103 conceptele fundamentale ale integr\u0103rii economice interna\u021bionale \u0219i evolu\u021bia procesului de integrare european\u0103. Sunt analizate etapele integr\u0103rii economice, principalele structuri de integrare din lume \u0219i contextul istoric care a condus la apari\u021bia primelor comunit\u0103\u021bi europene \u0219i la formarea Uniunii Europene. Evolu\u021bia Comunit\u0103\u021bii Europene: de la [&hellip;]<\/p>\n","protected":false},"author":1,"featured_media":0,"parent":0,"menu_order":0,"comment_status":"closed","ping_status":"closed","template":"","meta":{"footnotes":""},"class_list":["post-28","page","type-page","status-publish","hentry"],"jetpack_sharing_enabled":true,"_links":{"self":[{"href":"https:\/\/nextgov-eu.unitbv.ro\/index.php\/wp-json\/wp\/v2\/pages\/28","targetHints":{"allow":["GET"]}}],"collection":[{"href":"https:\/\/nextgov-eu.unitbv.ro\/index.php\/wp-json\/wp\/v2\/pages"}],"about":[{"href":"https:\/\/nextgov-eu.unitbv.ro\/index.php\/wp-json\/wp\/v2\/types\/page"}],"author":[{"embeddable":true,"href":"https:\/\/nextgov-eu.unitbv.ro\/index.php\/wp-json\/wp\/v2\/users\/1"}],"replies":[{"embeddable":true,"href":"https:\/\/nextgov-eu.unitbv.ro\/index.php\/wp-json\/wp\/v2\/comments?post=28"}],"version-history":[{"count":9,"href":"https:\/\/nextgov-eu.unitbv.ro\/index.php\/wp-json\/wp\/v2\/pages\/28\/revisions"}],"predecessor-version":[{"id":278,"href":"https:\/\/nextgov-eu.unitbv.ro\/index.php\/wp-json\/wp\/v2\/pages\/28\/revisions\/278"}],"wp:attachment":[{"href":"https:\/\/nextgov-eu.unitbv.ro\/index.php\/wp-json\/wp\/v2\/media?parent=28"}],"curies":[{"name":"wp","href":"https:\/\/api.w.org\/{rel}","templated":true}]}}